{"id":2,"date":"2011-12-03T19:10:14","date_gmt":"2011-12-03T19:10:14","guid":{"rendered":"http:\/\/www.mcse-office.de\/wp\/?page_id=2"},"modified":"2021-11-18T12:59:05","modified_gmt":"2021-11-18T11:59:05","slug":"sample-page","status":"publish","type":"page","link":"http:\/\/www.mcse-office.de\/?page_id=2","title":{"rendered":"\u00dcber mich"},"content":{"rendered":"<h1 style=\"text-align: center;\">Microsoft &#8211; OFFICE<\/h1>\n<h2 style=\"text-align: center;\">Schulungen &#8211; Training &#8211; Systembetreuung<\/h2>\n<h2 style=\"text-align: center;\"><span style=\"color: #0000ff;\">auch ONLINE-Schulung<\/span><\/h2>\n<p>\u00a0<\/p>\n<table border=\"0\" cellspacing=\"0\" cellpadding=\"0\">\n<tbody>\n<tr>\n<td colspan=\"2\" valign=\"top\" width=\"595\"><strong>Branchenerfahrungen (Auszug)<br \/><\/strong><\/td>\n<\/tr>\n<tr>\n<td valign=\"top\" width=\"283\">Mahr AG G\u00f6ttingen<\/td>\n<td valign=\"top\" width=\"312\">BNW Braunschweig<\/td>\n<\/tr>\n<tr>\n<td valign=\"top\" width=\"283\">Zeiss G\u00f6ttingen<\/td>\n<td valign=\"top\" width=\"312\">VHS + KVHS G\u00f6ttingen<\/td>\n<\/tr>\n<tr>\n<td valign=\"top\" width=\"283\">Universit\u00e4tsklinikum G\u00f6ttingen<\/td>\n<td valign=\"top\" width=\"312\">Novo nordisk Frankfurt<\/td>\n<\/tr>\n<tr>\n<td valign=\"top\" width=\"283\">Stadt G\u00f6ttingen<\/td>\n<td valign=\"top\" width=\"312\">Alphabit \/ Wecke Wiesbaden<\/td>\n<\/tr>\n<tr>\n<td valign=\"top\" width=\"283\">Universit\u00e4t G\u00f6ttingen<\/td>\n<td valign=\"top\" width=\"312\">DAA Northeim \/ G\u00f6ttingen<\/td>\n<\/tr>\n<tr>\n<td valign=\"top\" width=\"283\">BNW G\u00f6ttingen<\/td>\n<td valign=\"top\" width=\"312\">BM f\u00fcr Landwirtschaft Frankfurt<\/td>\n<\/tr>\n<tr>\n<td valign=\"top\" width=\"283\">\n<p>BNW Hannover<\/p>\n<p>Universit\u00e4t Mainz<\/p>\n<p>BNW Osnabr\u00fcck<\/p>\n<\/td>\n<td valign=\"top\" width=\"312\">\n<p>Deutsche Luft-und Raumfahrt (DLR)<\/p>\n<p>\u00a0<\/p>\n<\/td>\n<\/tr>\n<\/tbody>\n<\/table>\n<div>\n<table border=\"0\" cellspacing=\"0\" cellpadding=\"0\">\n<tbody>\n<tr>\n<td colspan=\"2\" valign=\"top\" width=\"595\"><strong>EDV-Kenntnisse \/ Zertifizierungen<br \/><\/strong><\/td>\n<\/tr>\n<tr>\n<td valign=\"top\" width=\"283\">Word \/ Excel \/ PowerPoint \/ Outlook \/ Visio<\/td>\n<td valign=\"top\" width=\"312\">NT 3.5 Workstation<\/td>\n<\/tr>\n<tr>\n<td valign=\"top\" width=\"283\">Access<\/td>\n<td valign=\"top\" width=\"312\">NT 3.5 Server<\/td>\n<\/tr>\n<tr>\n<td valign=\"top\" width=\"283\">Corel Draw<\/td>\n<td valign=\"top\" width=\"312\">NT 4.0 Workstation<\/td>\n<\/tr>\n<tr>\n<td valign=\"top\" width=\"283\">Ami Pro<\/td>\n<td valign=\"top\" width=\"312\">NT 4.0 Server<\/td>\n<\/tr>\n<tr>\n<td valign=\"top\" width=\"283\">Dbase \/ Programmierung<\/td>\n<td valign=\"top\" width=\"312\">NT2000 Workstation<\/td>\n<\/tr>\n<tr>\n<td valign=\"top\" width=\"283\">Clipper Programmierung<\/td>\n<td valign=\"top\" width=\"312\">NT2000 Server<\/td>\n<\/tr>\n<tr>\n<td valign=\"top\" width=\"283\">Projekt 2003\/2017<\/td>\n<td valign=\"top\" width=\"312\">Windows XP Prof<\/td>\n<\/tr>\n<tr>\n<td valign=\"top\" width=\"283\">Access &#8211; Programme<\/td>\n<td valign=\"top\" width=\"312\">Windows 2003 Server<\/td>\n<\/tr>\n<tr>\n<td valign=\"top\" width=\"283\">\n<p>Office 2007 \/ 2010 \/2016<\/p>\n<p>Office 2019<\/p>\n<\/td>\n<td valign=\"top\" width=\"312\">\n<p>Server 2008<\/p>\n<p>MS Teams mit MS Planner \/ Officepaket<\/p>\n<\/td>\n<\/tr>\n<\/tbody>\n<\/table>\n<\/div>\n<table border=\"0\" cellspacing=\"0\" cellpadding=\"0\">\n<tbody>\n<tr>\n<td valign=\"top\" width=\"283\"><strong>T\u00e4tigkeitsfelder \/ Projekte<\/strong><\/td>\n<td valign=\"top\" width=\"312\">\u00a0<\/td>\n<\/tr>\n<tr>\n<td valign=\"top\" width=\"283\">1990 \u2013 1998 VHS G\u00f6ttingen<\/td>\n<td valign=\"top\" width=\"312\">Schulung aller MS Office Module<\/td>\n<\/tr>\n<tr>\n<td valign=\"top\" width=\"283\">laufend seit 1997 MAHR G\u00f6ttingen<\/td>\n<td valign=\"top\" width=\"312\">Schulung Word, Excel Access und Outlook<\/td>\n<\/tr>\n<tr>\n<td valign=\"top\" width=\"283\">1995 Klinikum G\u00f6ttingen<\/td>\n<td valign=\"top\" width=\"312\">Administratorenschulung NT 4.0 Server<\/td>\n<\/tr>\n<tr>\n<td valign=\"top\" width=\"283\">laufend seit 1997 Stadt G\u00f6ttingen<\/td>\n<td valign=\"top\" width=\"312\">Schulung alle MS Office Module<\/td>\n<\/tr>\n<tr>\n<td valign=\"top\" width=\"283\">laufend seit 1995 Universit\u00e4t G\u00f6ttingen, ZVW<\/td>\n<td valign=\"top\" width=\"312\">Konzeption und Schulung aller MS-Office Module<\/td>\n<\/tr>\n<tr>\n<td valign=\"top\" width=\"283\">1995 \u2013 1998 VHS G\u00f6ttingen<\/td>\n<td valign=\"top\" width=\"312\">Etablieren und Schulen von MCP\/MCSE Kursen<\/td>\n<\/tr>\n<tr>\n<td valign=\"top\" width=\"283\">1999 \u2013 2000 BNW Hannover<\/td>\n<td valign=\"top\" width=\"312\">Konzeption und Training eines MCSE NT 4.0 Pr\u00fcfungskurses<\/td>\n<\/tr>\n<tr>\n<td valign=\"top\" width=\"283\">laufend seit 2000 BNW Oldenburg<\/td>\n<td valign=\"top\" width=\"312\">Schulung Office-Module<\/td>\n<\/tr>\n<tr>\n<td valign=\"top\" width=\"283\">laufend seit 2000 BNW Oldenburg<\/td>\n<td valign=\"top\" width=\"312\">Schulung von MCSE 2000 \/ 2003 Pr\u00fcfungskursen<\/td>\n<\/tr>\n<tr>\n<td valign=\"top\" width=\"283\">2004 \u2013 BM f\u00fcr. Landwirtschaft.\/ Frankfurt 2010 &#8211; 2011<\/td>\n<td valign=\"top\" width=\"312\">Schulung Access \u2013 Makros<br \/>Office 2007 \/ 2010<br \/>Vista \/ Windows7Server 2008 Einf\u00fchrung<\/td>\n<\/tr>\n<\/tbody>\n<\/table>\n<table style=\"height: 182px;\" border=\"0\" width=\"633\" cellspacing=\"0\" cellpadding=\"0\">\n<tbody>\n<tr>\n<td>\u00a02016 &#8211; 2020 Universit\u00e4t G\u00f6ttingen<\/td>\n<td valign=\"top\" width=\"312\">\u00a0Office Kurse &#8211; Neu im Programm: OneNote<\/td>\n<\/tr>\n<tr>\n<td valign=\"top\" width=\"283\">\u00a02016\u00a0 &#8211; 2020 HAWK G\u00f6ttingen<\/td>\n<td valign=\"top\" width=\"312\">\u00a0Excel + Access Grund &#8211; und Aufbaukurse<\/td>\n<\/tr>\n<tr>\n<td>\u00a02014 &#8211; 2017<br \/>ab 2020<\/td>\n<td valign=\"top\" width=\"312\">\n<p>\u00a0Bundesfachschule f\u00fcr das KFZ-Gewerbe Northeim (BFC)<\/p>\n<p>Online Systembetreungen<\/p>\n<p>Onlineschulungen, u.a. mit MS TEAMS und ZOOM<\/p>\n<\/td>\n<\/tr>\n<\/tbody>\n<\/table>\n\n\n<p><\/p>\n","protected":false},"excerpt":{"rendered":"<p>Microsoft &#8211; OFFICE Schulungen &#8211; Training &#8211; Systembetreuung auch ONLINE-Schulung \u00a0 Branchenerfahrungen (Auszug) Mahr AG G\u00f6ttingen BNW Braunschweig Zeiss G\u00f6ttingen VHS + KVHS G\u00f6ttingen Universit\u00e4tsklinikum G\u00f6ttingen Novo nordisk Frankfurt Stadt G\u00f6ttingen Alphabit \/ Wecke Wiesbaden Universit\u00e4t G\u00f6ttingen DAA Northeim \/ &hellip; <a href=\"http:\/\/www.mcse-office.de\/?page_id=2\">Weiterlesen <span class=\"meta-nav\">&rarr;<\/span><\/a><\/p>\n","protected":false},"author":1,"featured_media":0,"parent":0,"menu_order":0,"comment_status":"closed","ping_status":"closed","template":"","meta":{"footnotes":""},"class_list":["post-2","page","type-page","status-publish","hentry"],"yoast_head":"<!-- This site is optimized with the Yoast SEO plugin v14.1 - https:\/\/yoast.com\/wordpress\/plugins\/seo\/ -->\n<meta name=\"robots\" content=\"index, follow\" \/>\n<meta name=\"googlebot\" content=\"index, follow, max-snippet:-1, max-image-preview:large, max-video-preview:-1\" \/>\n<meta name=\"bingbot\" content=\"index, follow, max-snippet:-1, max-image-preview:large, max-video-preview:-1\" \/>\n<link rel=\"canonical\" href=\"http:\/\/www.mcse-office.de\/?page_id=2\" \/>\n<meta property=\"og:locale\" content=\"de_DE\" \/>\n<meta property=\"og:type\" content=\"article\" \/>\n<meta property=\"og:title\" content=\"\u00dcber mich - Microsoft Office Kurse - Online Schulungen\" \/>\n<meta property=\"og:description\" content=\"Microsoft &#8211; OFFICE Schulungen &#8211; Training &#8211; Systembetreuung auch ONLINE-Schulung \u00a0 Branchenerfahrungen (Auszug) Mahr AG G\u00f6ttingen BNW Braunschweig Zeiss G\u00f6ttingen VHS + KVHS G\u00f6ttingen Universit\u00e4tsklinikum G\u00f6ttingen Novo nordisk Frankfurt Stadt G\u00f6ttingen Alphabit \/ Wecke Wiesbaden Universit\u00e4t G\u00f6ttingen DAA Northeim \/ &hellip; Weiterlesen &rarr;\" \/>\n<meta property=\"og:url\" content=\"http:\/\/www.mcse-office.de\/?page_id=2\" \/>\n<meta property=\"og:site_name\" content=\"Microsoft Office Kurse - Online Schulungen\" \/>\n<meta property=\"article:modified_time\" content=\"2021-11-18T11:59:05+00:00\" \/>\n<meta name=\"twitter:card\" content=\"summary_large_image\" \/>\n<script type=\"application\/ld+json\" class=\"yoast-schema-graph\">{\"@context\":\"https:\/\/schema.org\",\"@graph\":[{\"@type\":\"WebSite\",\"@id\":\"http:\/\/www.mcse-office.de\/#website\",\"url\":\"http:\/\/www.mcse-office.de\/\",\"name\":\"Microsoft Office Kurse - Online Schulungen\",\"description\":\"Meine Erfahrung f\\u00fcr Ihre Bildung - AUCH ONLINE SCHULUNGEN\",\"potentialAction\":[{\"@type\":\"SearchAction\",\"target\":\"http:\/\/www.mcse-office.de\/?s={search_term_string}\",\"query-input\":\"required name=search_term_string\"}],\"inLanguage\":\"de\"},{\"@type\":\"WebPage\",\"@id\":\"http:\/\/www.mcse-office.de\/?page_id=2#webpage\",\"url\":\"http:\/\/www.mcse-office.de\/?page_id=2\",\"name\":\"\\u00dcber mich - Microsoft Office Kurse - Online Schulungen\",\"isPartOf\":{\"@id\":\"http:\/\/www.mcse-office.de\/#website\"},\"datePublished\":\"2011-12-03T19:10:14+00:00\",\"dateModified\":\"2021-11-18T11:59:05+00:00\",\"inLanguage\":\"de\",\"potentialAction\":[{\"@type\":\"ReadAction\",\"target\":[\"http:\/\/www.mcse-office.de\/?page_id=2\"]}]}]}<\/script>\n<!-- \/ Yoast SEO plugin. -->","_links":{"self":[{"href":"http:\/\/www.mcse-office.de\/index.php?rest_route=\/wp\/v2\/pages\/2","targetHints":{"allow":["GET"]}}],"collection":[{"href":"http:\/\/www.mcse-office.de\/index.php?rest_route=\/wp\/v2\/pages"}],"about":[{"href":"http:\/\/www.mcse-office.de\/index.php?rest_route=\/wp\/v2\/types\/page"}],"author":[{"embeddable":true,"href":"http:\/\/www.mcse-office.de\/index.php?rest_route=\/wp\/v2\/users\/1"}],"replies":[{"embeddable":true,"href":"http:\/\/www.mcse-office.de\/index.php?rest_route=%2Fwp%2Fv2%2Fcomments&post=2"}],"version-history":[{"count":15,"href":"http:\/\/www.mcse-office.de\/index.php?rest_route=\/wp\/v2\/pages\/2\/revisions"}],"predecessor-version":[{"id":411,"href":"http:\/\/www.mcse-office.de\/index.php?rest_route=\/wp\/v2\/pages\/2\/revisions\/411"}],"wp:attachment":[{"href":"http:\/\/www.mcse-office.de\/index.php?rest_route=%2Fwp%2Fv2%2Fmedia&parent=2"}],"curies":[{"name":"wp","href":"https:\/\/api.w.org\/{rel}","templated":true}]}}