{"id":20,"date":"2011-05-03T14:45:04","date_gmt":"2011-05-03T12:45:04","guid":{"rendered":"http:\/\/www.mcse-office.de\/wp\/?page_id=20"},"modified":"2016-12-03T23:41:14","modified_gmt":"2016-12-03T22:41:14","slug":"powerpoint","status":"publish","type":"page","link":"http:\/\/www.mcse-office.de\/?page_id=20","title":{"rendered":"Powerpoint"},"content":{"rendered":"<p><span style=\"font-size: x-large;\">Microsoft-Powerpoint EDV-Kurs<br \/>\nVersionen 2010 &#8211; 2013 &#8211; 2016<br \/>\n<\/span><\/p>\n<p><span style=\"font-size: x-large;\">Schulungs Themen<br \/>\n<\/span> Alle Themen k\u00f6nnen Sie sich auch individuell zusammenstellen<\/p>\n<p><strong> Einf\u00fchrung ca. 1-1,5 Tage<br \/>\n<\/strong> Erstellen von Folien, Folientypen<br \/>\nDie Zeichnen-Symbolleiste, Einf\u00fcgen von Objekten auf der Folie und Formatieren<br \/>\nKopieren, Verschieben, Duplizieren, Einf\u00fcgen mit STRG + Shift<br \/>\nArbeiten mit mehreren Objekten ? Reihenfolge, Gruppieren<br \/>\nArbeiten mit Lineal u. F\u00fchrungslinien\/+Strg<br \/>\nAufbau eines Vortrages mit verschiedenen Folientypen<br \/>\nTabellen, Diagramme, Organigramme, Objekte aus anderen Office-Produkten<br \/>\nBenutzerdefinierte Animationen f\u00fcr einen bewegten Beamer-Vortrag<br \/>\nFolien\u00fcberg\u00e4nge<br \/>\nVereinheitlichen der Folien mit Hintergrund&#8230;<br \/>\nVerwalten der Folien, Drucken<\/p>\n<p><strong> Aufbauthemen ca. 1 Tag<br \/>\n<\/strong> Einf\u00fchrung in das Arbeiten mit Gliederung<br \/>\nErstellen eines Vortrages in der Gliederungsansicht<br \/>\nAnwenden von komplexen Design Vorlagen<br \/>\n\u00c4ndern der Gliederungsformate<br \/>\nErstellen eigener Gliederungsschemata<br \/>\nErstellen eigener Designvorlagen<br \/>\nBildschirmpr\u00e4sentation mit Zeitabl\u00e4ufen und interaktiven Schaltfl\u00e4chen<\/p>\n<p><strong> Themen Ihrer Wahl<br \/>\n<\/strong> Stellen Sie selber Themen zusammen, die Sie unterrichtet, wiederholt oder vertieft haben m\u00f6chten. Ich werde mich dann mit Ihnen gerne zusammensetzen, und den Unterrichtsstoff den speziellen Anforderungen anpassen.<\/p>\n","protected":false},"excerpt":{"rendered":"<p>Microsoft-Powerpoint EDV-Kurs Versionen 2010 &#8211; 2013 &#8211; 2016 Schulungs Themen Alle Themen k\u00f6nnen Sie sich auch individuell zusammenstellen Einf\u00fchrung ca. 1-1,5 Tage Erstellen von Folien, Folientypen Die Zeichnen-Symbolleiste, Einf\u00fcgen von Objekten auf der Folie und Formatieren Kopieren, Verschieben, Duplizieren, Einf\u00fcgen &hellip; <a href=\"http:\/\/www.mcse-office.de\/?page_id=20\">Weiterlesen <span class=\"meta-nav\">&rarr;<\/span><\/a><\/p>\n","protected":false},"author":2,"featured_media":0,"parent":0,"menu_order":2,"comment_status":"closed","ping_status":"closed","template":"","meta":{"footnotes":""},"class_list":["post-20","page","type-page","status-publish","hentry"],"yoast_head":"<!-- This site is optimized with the Yoast SEO plugin v14.1 - https:\/\/yoast.com\/wordpress\/plugins\/seo\/ -->\n<meta name=\"robots\" content=\"index, follow\" \/>\n<meta name=\"googlebot\" content=\"index, follow, max-snippet:-1, max-image-preview:large, max-video-preview:-1\" \/>\n<meta name=\"bingbot\" content=\"index, follow, max-snippet:-1, max-image-preview:large, max-video-preview:-1\" \/>\n<link rel=\"canonical\" href=\"http:\/\/www.mcse-office.de\/?page_id=20\" \/>\n<meta property=\"og:locale\" content=\"de_DE\" \/>\n<meta property=\"og:type\" content=\"article\" \/>\n<meta property=\"og:title\" content=\"Powerpoint - Microsoft Office Kurse - Online Schulungen\" \/>\n<meta property=\"og:description\" content=\"Microsoft-Powerpoint EDV-Kurs Versionen 2010 &#8211; 2013 &#8211; 2016 Schulungs Themen Alle Themen k\u00f6nnen Sie sich auch individuell zusammenstellen Einf\u00fchrung ca. 1-1,5 Tage Erstellen von Folien, Folientypen Die Zeichnen-Symbolleiste, Einf\u00fcgen von Objekten auf der Folie und Formatieren Kopieren, Verschieben, Duplizieren, Einf\u00fcgen &hellip; Weiterlesen &rarr;\" \/>\n<meta property=\"og:url\" content=\"http:\/\/www.mcse-office.de\/?page_id=20\" \/>\n<meta property=\"og:site_name\" content=\"Microsoft Office Kurse - Online Schulungen\" \/>\n<meta property=\"article:modified_time\" content=\"2016-12-03T22:41:14+00:00\" \/>\n<meta name=\"twitter:card\" content=\"summary_large_image\" \/>\n<script type=\"application\/ld+json\" class=\"yoast-schema-graph\">{\"@context\":\"https:\/\/schema.org\",\"@graph\":[{\"@type\":\"WebSite\",\"@id\":\"http:\/\/www.mcse-office.de\/#website\",\"url\":\"http:\/\/www.mcse-office.de\/\",\"name\":\"Microsoft Office Kurse - Online Schulungen\",\"description\":\"Meine Erfahrung f\\u00fcr Ihre Bildung - AUCH ONLINE SCHULUNGEN\",\"potentialAction\":[{\"@type\":\"SearchAction\",\"target\":\"http:\/\/www.mcse-office.de\/?s={search_term_string}\",\"query-input\":\"required name=search_term_string\"}],\"inLanguage\":\"de\"},{\"@type\":\"WebPage\",\"@id\":\"http:\/\/www.mcse-office.de\/?page_id=20#webpage\",\"url\":\"http:\/\/www.mcse-office.de\/?page_id=20\",\"name\":\"Powerpoint - Microsoft Office Kurse - Online Schulungen\",\"isPartOf\":{\"@id\":\"http:\/\/www.mcse-office.de\/#website\"},\"datePublished\":\"2011-05-03T12:45:04+00:00\",\"dateModified\":\"2016-12-03T22:41:14+00:00\",\"inLanguage\":\"de\",\"potentialAction\":[{\"@type\":\"ReadAction\",\"target\":[\"http:\/\/www.mcse-office.de\/?page_id=20\"]}]}]}<\/script>\n<!-- \/ Yoast SEO plugin. -->","_links":{"self":[{"href":"http:\/\/www.mcse-office.de\/index.php?rest_route=\/wp\/v2\/pages\/20","targetHints":{"allow":["GET"]}}],"collection":[{"href":"http:\/\/www.mcse-office.de\/index.php?rest_route=\/wp\/v2\/pages"}],"about":[{"href":"http:\/\/www.mcse-office.de\/index.php?rest_route=\/wp\/v2\/types\/page"}],"author":[{"embeddable":true,"href":"http:\/\/www.mcse-office.de\/index.php?rest_route=\/wp\/v2\/users\/2"}],"replies":[{"embeddable":true,"href":"http:\/\/www.mcse-office.de\/index.php?rest_route=%2Fwp%2Fv2%2Fcomments&post=20"}],"version-history":[{"count":7,"href":"http:\/\/www.mcse-office.de\/index.php?rest_route=\/wp\/v2\/pages\/20\/revisions"}],"predecessor-version":[{"id":303,"href":"http:\/\/www.mcse-office.de\/index.php?rest_route=\/wp\/v2\/pages\/20\/revisions\/303"}],"wp:attachment":[{"href":"http:\/\/www.mcse-office.de\/index.php?rest_route=%2Fwp%2Fv2%2Fmedia&parent=20"}],"curies":[{"name":"wp","href":"https:\/\/api.w.org\/{rel}","templated":true}]}}