{"id":422,"date":"2022-02-15T10:45:54","date_gmt":"2022-02-15T09:45:54","guid":{"rendered":"http:\/\/www.mcse-office.de\/?page_id=422"},"modified":"2022-02-15T10:47:10","modified_gmt":"2022-02-15T09:47:10","slug":"teams-mit-ms-planner","status":"publish","type":"page","link":"http:\/\/www.mcse-office.de\/?page_id=422","title":{"rendered":"TEAMS &#8211; mit MS Planner"},"content":{"rendered":"\n<p>Einf\u00fchrung in das gmeinsame Arbeiten mit Microsoft Teams<\/p>\n\n\n\n<p>Kan\u00e4le erstellen<br>Videokonferenzen organisieren<br>Teilnehmer einladen &#8211; auch \u00fcber Outlook<br>Dokumente zeiotgleich gemeinsam bearbeiten<br>Aufgaben an Teilnehmer delegieren<br><\/p>\n","protected":false},"excerpt":{"rendered":"<p>Einf\u00fchrung in das gmeinsame Arbeiten mit Microsoft Teams Kan\u00e4le erstellenVideokonferenzen organisierenTeilnehmer einladen &#8211; auch \u00fcber OutlookDokumente zeiotgleich gemeinsam bearbeitenAufgaben an Teilnehmer delegieren<\/p>\n","protected":false},"author":1,"featured_media":0,"parent":0,"menu_order":3,"comment_status":"closed","ping_status":"closed","template":"","meta":{"footnotes":""},"class_list":["post-422","page","type-page","status-publish","hentry"],"yoast_head":"<!-- This site is optimized with the Yoast SEO plugin v14.1 - https:\/\/yoast.com\/wordpress\/plugins\/seo\/ -->\n<meta name=\"robots\" content=\"index, follow\" \/>\n<meta name=\"googlebot\" content=\"index, follow, max-snippet:-1, max-image-preview:large, max-video-preview:-1\" \/>\n<meta name=\"bingbot\" content=\"index, follow, max-snippet:-1, max-image-preview:large, max-video-preview:-1\" \/>\n<link rel=\"canonical\" href=\"http:\/\/www.mcse-office.de\/?page_id=422\" \/>\n<meta property=\"og:locale\" content=\"de_DE\" \/>\n<meta property=\"og:type\" content=\"article\" \/>\n<meta property=\"og:title\" content=\"TEAMS - mit MS Planner - Microsoft Office Kurse - Online Schulungen\" \/>\n<meta property=\"og:description\" content=\"Einf\u00fchrung in das gmeinsame Arbeiten mit Microsoft Teams Kan\u00e4le erstellenVideokonferenzen organisierenTeilnehmer einladen &#8211; auch \u00fcber OutlookDokumente zeiotgleich gemeinsam bearbeitenAufgaben an Teilnehmer delegieren\" \/>\n<meta property=\"og:url\" content=\"http:\/\/www.mcse-office.de\/?page_id=422\" \/>\n<meta property=\"og:site_name\" content=\"Microsoft Office Kurse - Online Schulungen\" \/>\n<meta property=\"article:modified_time\" content=\"2022-02-15T09:47:10+00:00\" \/>\n<meta name=\"twitter:card\" content=\"summary_large_image\" \/>\n<script type=\"application\/ld+json\" class=\"yoast-schema-graph\">{\"@context\":\"https:\/\/schema.org\",\"@graph\":[{\"@type\":\"WebSite\",\"@id\":\"http:\/\/www.mcse-office.de\/#website\",\"url\":\"http:\/\/www.mcse-office.de\/\",\"name\":\"Microsoft Office Kurse - Online Schulungen\",\"description\":\"Meine Erfahrung f\\u00fcr Ihre Bildung - AUCH ONLINE SCHULUNGEN\",\"potentialAction\":[{\"@type\":\"SearchAction\",\"target\":\"http:\/\/www.mcse-office.de\/?s={search_term_string}\",\"query-input\":\"required name=search_term_string\"}],\"inLanguage\":\"de\"},{\"@type\":\"WebPage\",\"@id\":\"http:\/\/www.mcse-office.de\/?page_id=422#webpage\",\"url\":\"http:\/\/www.mcse-office.de\/?page_id=422\",\"name\":\"TEAMS - mit MS Planner - Microsoft Office Kurse - Online Schulungen\",\"isPartOf\":{\"@id\":\"http:\/\/www.mcse-office.de\/#website\"},\"datePublished\":\"2022-02-15T09:45:54+00:00\",\"dateModified\":\"2022-02-15T09:47:10+00:00\",\"inLanguage\":\"de\",\"potentialAction\":[{\"@type\":\"ReadAction\",\"target\":[\"http:\/\/www.mcse-office.de\/?page_id=422\"]}]}]}<\/script>\n<!-- \/ Yoast SEO plugin. -->","_links":{"self":[{"href":"http:\/\/www.mcse-office.de\/index.php?rest_route=\/wp\/v2\/pages\/422","targetHints":{"allow":["GET"]}}],"collection":[{"href":"http:\/\/www.mcse-office.de\/index.php?rest_route=\/wp\/v2\/pages"}],"about":[{"href":"http:\/\/www.mcse-office.de\/index.php?rest_route=\/wp\/v2\/types\/page"}],"author":[{"embeddable":true,"href":"http:\/\/www.mcse-office.de\/index.php?rest_route=\/wp\/v2\/users\/1"}],"replies":[{"embeddable":true,"href":"http:\/\/www.mcse-office.de\/index.php?rest_route=%2Fwp%2Fv2%2Fcomments&post=422"}],"version-history":[{"count":1,"href":"http:\/\/www.mcse-office.de\/index.php?rest_route=\/wp\/v2\/pages\/422\/revisions"}],"predecessor-version":[{"id":423,"href":"http:\/\/www.mcse-office.de\/index.php?rest_route=\/wp\/v2\/pages\/422\/revisions\/423"}],"wp:attachment":[{"href":"http:\/\/www.mcse-office.de\/index.php?rest_route=%2Fwp%2Fv2%2Fmedia&parent=422"}],"curies":[{"name":"wp","href":"https:\/\/api.w.org\/{rel}","templated":true}]}}