{"id":48,"date":"2011-05-08T12:18:35","date_gmt":"2011-05-08T10:18:35","guid":{"rendered":"http:\/\/www.mcse-office.de\/wp\/?page_id=48"},"modified":"2022-02-15T10:36:11","modified_gmt":"2022-02-15T09:36:11","slug":"word","status":"publish","type":"page","link":"http:\/\/www.mcse-office.de\/?page_id=48","title":{"rendered":"Word"},"content":{"rendered":"<h3 style=\"text-align: left;\"><span style=\"font-size: x-large;\">Microsoft-Word<\/span> <span style=\"font-size: x-large;\">Schulungs-Themen<br \/>\nWord\u00a0 2010 &#8211; 2013 &#8211; 2016 &#8211; 2019<br \/>\n<\/span><\/h3>\n<h3 style=\"text-align: left;\">Alle Themen k\u00f6nnen Sie sich auch individuell zusammenstellen<\/h3>\n<p><strong> Einf\u00fchrung ca. 2 Tage<br \/>\n<\/strong> Bildschirmelemente<br \/>\nErstellen und Bearbeiten eines Dokumentes<br \/>\nN\u00fctzliche Tastenkombinationen<br \/>\nSpeichern, \u00d6ffnen, Drucken, Seiteneinstellung<br \/>\nZeichen-Formatierung<br \/>\nAbsatz-Formatierung<br \/>\nRahmen und Schattierung<br \/>\nArbeiten mit Tabulatoren<br \/>\nEinf\u00fcgen von Tabellen, Graphiken, Funktionen (z.B. Datum, Seitenzahl)<br \/>\nRechtschreibpr\u00fcfung, Silbentrennung,<\/p>\n<p>&lt;&gt; <strong> Serienbriefe ca.1- 2 Tage<br \/>\n<\/strong> Serienbrief erstellen<br \/>\nPrinzip des Seriendrucks<br \/>\nSerienbriefvorlage erstellen<br \/>\nDatenquelle erstellen<br \/>\nArbeiten mit Regeln, um z.B. eine pers\u00f6nliche individuelle Ansprache im Seriebbrief zu erm\u00f6glichen<br \/>\nSerienbrief drucken<br \/>\nDaten bearbeiten und verwalten<br \/>\nDatenquelle nachtr\u00e4glich einbinden oder \u00e4ndern<br \/>\nVerwenden von Access oder Excel als Datenquelle<br \/>\nVersenden von Sereinbriefen als gezielt adressierte Mails unter Verwendung von Outlook.<\/p>\n<p><strong> weiterf\u00fchrende Themen<br \/>\n<\/strong> Arbeiten mit Tabulatoren<br \/>\nErstellen Formatieren von Tabellen<br \/>\nEinteilen eines Textes in Spalten<br \/>\nKopf- und Fu\u00dfzeilen<br \/>\nAutotexte (Textbaustein)<br \/>\nDatum, Uhrzeit, Sonderzeichen, Autokorrektur<br \/>\n<strong> Spezialthemen<br \/>\n<\/strong>komplexes Formatieren<br \/>\nFormat \u00fcbertragen<strong><br \/>\n<\/strong>Formatvorlagen erstellen und \u00e4ndern<br \/>\nFormatvorlagen-Dateien erstellen<br \/>\nDie Gliederungsansicht &#8211; Elemente<br \/>\nErstellen einer Gliederung f\u00fcr Vortr\u00e4ge, Referate, etc&#8230;..<br \/>\nFormatieren einer Gliederung mit Formatvorlagen<br \/>\nErstellen eine Inhaltsverzeichnisses &#8211; auf Basis der Gliederung<br \/>\nArbeiten mit Fu\u00dfnoten<\/p>\n<p>Makros, Umschl\u00e4ge und Etiketten<br \/>\nZusammenarbeit mit anderen Office-Produkten wie Excel, Access, Powerpoint&#8230;<br \/>\nEtc.<\/p>\n<p><strong> Themen Ihrer Wahl<br \/>\n<\/strong> Stellen Sie selber Themen zusammen, die Sie unterrichtet, wiederholt oder vertieft haben m\u00f6chten. Ich werde mich dann mit Ihnen gerne zusammensetzen, und den Unterrichtsstoff den speziellen Anforderungen anpassen.<\/p>\n","protected":false},"excerpt":{"rendered":"<p>Microsoft-Word Schulungs-Themen Word\u00a0 2010 &#8211; 2013 &#8211; 2016 &#8211; 2019 Alle Themen k\u00f6nnen Sie sich auch individuell zusammenstellen Einf\u00fchrung ca. 2 Tage Bildschirmelemente Erstellen und Bearbeiten eines Dokumentes N\u00fctzliche Tastenkombinationen Speichern, \u00d6ffnen, Drucken, Seiteneinstellung Zeichen-Formatierung Absatz-Formatierung Rahmen und Schattierung Arbeiten &hellip; <a href=\"http:\/\/www.mcse-office.de\/?page_id=48\">Weiterlesen <span class=\"meta-nav\">&rarr;<\/span><\/a><\/p>\n","protected":false},"author":2,"featured_media":0,"parent":0,"menu_order":2,"comment_status":"closed","ping_status":"closed","template":"","meta":{"footnotes":""},"class_list":["post-48","page","type-page","status-publish","hentry"],"yoast_head":"<!-- This site is optimized with the Yoast SEO plugin v14.1 - https:\/\/yoast.com\/wordpress\/plugins\/seo\/ -->\n<meta name=\"robots\" content=\"index, follow\" \/>\n<meta name=\"googlebot\" content=\"index, follow, max-snippet:-1, max-image-preview:large, max-video-preview:-1\" \/>\n<meta name=\"bingbot\" content=\"index, follow, max-snippet:-1, max-image-preview:large, max-video-preview:-1\" \/>\n<link rel=\"canonical\" href=\"http:\/\/www.mcse-office.de\/?page_id=48\" \/>\n<meta property=\"og:locale\" content=\"de_DE\" \/>\n<meta property=\"og:type\" content=\"article\" \/>\n<meta property=\"og:title\" content=\"Word - Microsoft Office Kurse - Online Schulungen\" \/>\n<meta property=\"og:description\" content=\"Microsoft-Word Schulungs-Themen Word\u00a0 2010 &#8211; 2013 &#8211; 2016 &#8211; 2019 Alle Themen k\u00f6nnen Sie sich auch individuell zusammenstellen Einf\u00fchrung ca. 2 Tage Bildschirmelemente Erstellen und Bearbeiten eines Dokumentes N\u00fctzliche Tastenkombinationen Speichern, \u00d6ffnen, Drucken, Seiteneinstellung Zeichen-Formatierung Absatz-Formatierung Rahmen und Schattierung Arbeiten &hellip; Weiterlesen &rarr;\" \/>\n<meta property=\"og:url\" content=\"http:\/\/www.mcse-office.de\/?page_id=48\" \/>\n<meta property=\"og:site_name\" content=\"Microsoft Office Kurse - Online Schulungen\" \/>\n<meta property=\"article:modified_time\" content=\"2022-02-15T09:36:11+00:00\" \/>\n<meta name=\"twitter:card\" content=\"summary_large_image\" \/>\n<script type=\"application\/ld+json\" class=\"yoast-schema-graph\">{\"@context\":\"https:\/\/schema.org\",\"@graph\":[{\"@type\":\"WebSite\",\"@id\":\"http:\/\/www.mcse-office.de\/#website\",\"url\":\"http:\/\/www.mcse-office.de\/\",\"name\":\"Microsoft Office Kurse - Online Schulungen\",\"description\":\"Meine Erfahrung f\\u00fcr Ihre Bildung - AUCH ONLINE SCHULUNGEN\",\"potentialAction\":[{\"@type\":\"SearchAction\",\"target\":\"http:\/\/www.mcse-office.de\/?s={search_term_string}\",\"query-input\":\"required name=search_term_string\"}],\"inLanguage\":\"de\"},{\"@type\":\"WebPage\",\"@id\":\"http:\/\/www.mcse-office.de\/?page_id=48#webpage\",\"url\":\"http:\/\/www.mcse-office.de\/?page_id=48\",\"name\":\"Word - Microsoft Office Kurse - Online Schulungen\",\"isPartOf\":{\"@id\":\"http:\/\/www.mcse-office.de\/#website\"},\"datePublished\":\"2011-05-08T10:18:35+00:00\",\"dateModified\":\"2022-02-15T09:36:11+00:00\",\"inLanguage\":\"de\",\"potentialAction\":[{\"@type\":\"ReadAction\",\"target\":[\"http:\/\/www.mcse-office.de\/?page_id=48\"]}]}]}<\/script>\n<!-- \/ Yoast SEO plugin. -->","_links":{"self":[{"href":"http:\/\/www.mcse-office.de\/index.php?rest_route=\/wp\/v2\/pages\/48","targetHints":{"allow":["GET"]}}],"collection":[{"href":"http:\/\/www.mcse-office.de\/index.php?rest_route=\/wp\/v2\/pages"}],"about":[{"href":"http:\/\/www.mcse-office.de\/index.php?rest_route=\/wp\/v2\/types\/page"}],"author":[{"embeddable":true,"href":"http:\/\/www.mcse-office.de\/index.php?rest_route=\/wp\/v2\/users\/2"}],"replies":[{"embeddable":true,"href":"http:\/\/www.mcse-office.de\/index.php?rest_route=%2Fwp%2Fv2%2Fcomments&post=48"}],"version-history":[{"count":9,"href":"http:\/\/www.mcse-office.de\/index.php?rest_route=\/wp\/v2\/pages\/48\/revisions"}],"predecessor-version":[{"id":416,"href":"http:\/\/www.mcse-office.de\/index.php?rest_route=\/wp\/v2\/pages\/48\/revisions\/416"}],"wp:attachment":[{"href":"http:\/\/www.mcse-office.de\/index.php?rest_route=%2Fwp%2Fv2%2Fmedia&parent=48"}],"curies":[{"name":"wp","href":"https:\/\/api.w.org\/{rel}","templated":true}]}}