{"id":79,"date":"2011-05-18T18:39:25","date_gmt":"2011-05-18T16:39:25","guid":{"rendered":"http:\/\/www.mcse-office.de\/wp\/?page_id=79"},"modified":"2024-07-11T09:45:16","modified_gmt":"2024-07-11T07:45:16","slug":"schulungsraum","status":"publish","type":"page","link":"http:\/\/www.mcse-office.de\/?page_id=79","title":{"rendered":"O n l i n e S e m i n a r e &#8211; Microsoft Office"},"content":{"rendered":"\n<p><\/p>\n\n\n<h2><span style=\"color: #0000ff;\">Onlineschulung &#8211; Wie geht das<\/span><\/h2>\n<h3>Mein Online-Training bietet Ihnen eine direkte Form der Weiterbildung; So, wie Sie es von mir bei Pr\u00e4senzschulungen gewohnt sind. Sie sind mit mir in 100%igem direkten Kontakt. Sie k\u00f6nnen auch wie im \u201elive\u201c Unterricht Fragen stellen.<\/h3>\n<h3>Verwendet wird die Videokonferenzsoftware ZOOM. Die Video\u00fcbertragung erfolgt \u00fcber ein Mikrofon und Lautsprecher\/Kopfh\u00f6rer und wenn sie haben, eine Webcam. Sie k\u00f6nnen dar\u00fcber hinaus Ihren eigenen Bildschirminhalt freigeben, um gegebenenfalls sofort live Unterst\u00fctzung von mir zu erhalten.<\/h3>\n<h3>Sie erhalten von mir vor der Veranstaltung einen Link, auf den Sie klicken, um sich in den Unterricht zuzuschalten. Und dann geht es schon los.<\/h3>\n<h3><strong>Sie haben f\u00fcr die Teilnahme:<\/strong><\/h3>\n<ul>\n<li>\n<h3>Computer\/Laptop<\/h3>\n<\/li>\n<li>\n<h3>Internetverbindung &amp; -browser<\/h3>\n<\/li>\n<li>\n<h3>Lautsprecher\/Kopfh\u00f6rer<\/h3>\n<\/li>\n<li>\n<h3>Mikrophon und gerne eine Kamera(Webcam)<\/h3>\n<\/li>\n<\/ul>\n<h3>Ideal w\u00e4ren zwei Monitore\/Displays, um \u00dcbungen noch leichter umzusetzen<\/h3>\n<h1>Beispiele f\u00fcr Office <span style=\"color: #ff0000;\">Online<\/span> Kurse:<\/h1>\n<h2>Angebote (Preise auf Anfrage)<\/h2>\n<table border=\"1\" cellspacing=\"0\" cellpadding=\"0\">\n<tbody>\n<tr>\n<td valign=\"top\" width=\"414\"><strong>Thema (Beispiele)<br \/><\/strong><\/td>\n<td valign=\"top\"><strong>Zeitvorschlag<\/strong><\/td>\n<\/tr>\n<tr>\n<td valign=\"top\" width=\"414\"><strong>Word<\/strong>: Alles zu Serienbriefen, erstellen, bearbeiten, filtern, wenn_dann,Felder nachtragen, vorhandene Db nutzen wie z.B. Access, &#8230;.<\/td>\n<td valign=\"top\">jeweils 13.00 \u2013 16.15<\/td>\n<\/tr>\n<tr>\n<td valign=\"top\" width=\"414\"><strong>Excel<\/strong>: Funktionen, wie z.B. wenn(), Und(), Oder()<br \/>Verweis(); mit Beispielen zur gezielten Anwendung<\/td>\n<td valign=\"top\">jeweils 09.00 \u2013 12.15<\/td>\n<\/tr>\n<tr>\n<td valign=\"top\" width=\"414\"><strong>Word: <\/strong>Formatvorlagen; Erstellen, alle M\u00f6glichkeiten der Bearbeitung, Verschachtelung; Vorlagendatei erstellen, u.v.m.<\/td>\n<td valign=\"top\">\n<p>jeweils 09.00 \u2013 12.15 oder<br \/>13.00 &#8211; 16.30<\/p>\n<\/td>\n<\/tr>\n<\/tbody>\n<\/table>\n<p><span style=\"color: #999999;\">(bei gleichzeitiger Anmeldung mehrerer Teilnehmer gibt es Preisreduzierungen)<\/span><\/p>\n<p><strong>Weitere Kurse nach Ihrem Wunsch? Kein Problem &#8211; Schreiben Sie mir oder rufen Sie mich an.<\/strong><\/p>\n<p>N\u00e4here Informationen erhalten Sie auf Wunsch.<\/p>\n<p><a href=\"mailto:s-office@arcor.de\">senden Sie mir eine Email<\/a><\/p>\n\n\n<p><\/p>\n","protected":false},"excerpt":{"rendered":"<p>Onlineschulung &#8211; Wie geht das Mein Online-Training bietet Ihnen eine direkte Form der Weiterbildung; So, wie Sie es von mir bei Pr\u00e4senzschulungen gewohnt sind. Sie sind mit mir in 100%igem direkten Kontakt. Sie k\u00f6nnen auch wie im \u201elive\u201c Unterricht Fragen &hellip; <a href=\"http:\/\/www.mcse-office.de\/?page_id=79\">Weiterlesen <span class=\"meta-nav\">&rarr;<\/span><\/a><\/p>\n","protected":false},"author":2,"featured_media":0,"parent":0,"menu_order":1,"comment_status":"closed","ping_status":"closed","template":"","meta":{"footnotes":""},"class_list":["post-79","page","type-page","status-publish","hentry"],"yoast_head":"<!-- This site is optimized with the Yoast SEO plugin v14.1 - https:\/\/yoast.com\/wordpress\/plugins\/seo\/ -->\n<meta name=\"description\" content=\"Sie brauchen nichts weiter als ein Laptop oder PC. Den Rest erledige ich. Sie w\u00e4hlen einfach einen Kurs und ich stelle diesen in K\u00fcrze f\u00fcr Sie \/ und ihre Firmenkolleginnen zur Verf\u00fcgung. So einfach.\" \/>\n<meta name=\"robots\" content=\"index, follow\" \/>\n<meta name=\"googlebot\" content=\"index, follow, max-snippet:-1, max-image-preview:large, max-video-preview:-1\" \/>\n<meta name=\"bingbot\" content=\"index, follow, max-snippet:-1, max-image-preview:large, max-video-preview:-1\" \/>\n<link rel=\"canonical\" href=\"http:\/\/www.mcse-office.de\/?page_id=79\" \/>\n<meta property=\"og:locale\" content=\"de_DE\" \/>\n<meta property=\"og:type\" content=\"article\" \/>\n<meta property=\"og:title\" content=\"O n l i n e S e m i n a r e - Microsoft Office - Microsoft Office Kurse - Online Schulungen Microsoft Office Kurse - Online Schulungen\" \/>\n<meta property=\"og:description\" content=\"Sie brauchen nichts weiter als ein Laptop oder PC. Den Rest erledige ich. Sie w\u00e4hlen einfach einen Kurs und ich stelle diesen in K\u00fcrze f\u00fcr Sie \/ und ihre Firmenkolleginnen zur Verf\u00fcgung. So einfach.\" \/>\n<meta property=\"og:url\" content=\"http:\/\/www.mcse-office.de\/?page_id=79\" \/>\n<meta property=\"og:site_name\" content=\"Microsoft Office Kurse - Online Schulungen\" \/>\n<meta property=\"article:modified_time\" content=\"2024-07-11T07:45:16+00:00\" \/>\n<meta name=\"twitter:card\" content=\"summary_large_image\" \/>\n<script type=\"application\/ld+json\" class=\"yoast-schema-graph\">{\"@context\":\"https:\/\/schema.org\",\"@graph\":[{\"@type\":\"WebSite\",\"@id\":\"http:\/\/www.mcse-office.de\/#website\",\"url\":\"http:\/\/www.mcse-office.de\/\",\"name\":\"Microsoft Office Kurse - Online Schulungen\",\"description\":\"Meine Erfahrung f\\u00fcr Ihre Bildung - AUCH ONLINE SCHULUNGEN\",\"potentialAction\":[{\"@type\":\"SearchAction\",\"target\":\"http:\/\/www.mcse-office.de\/?s={search_term_string}\",\"query-input\":\"required name=search_term_string\"}],\"inLanguage\":\"de\"},{\"@type\":\"WebPage\",\"@id\":\"http:\/\/www.mcse-office.de\/?page_id=79#webpage\",\"url\":\"http:\/\/www.mcse-office.de\/?page_id=79\",\"name\":\"O n l i n e S e m i n a r e - Microsoft Office - Microsoft Office Kurse - Online Schulungen Microsoft Office Kurse - Online Schulungen\",\"isPartOf\":{\"@id\":\"http:\/\/www.mcse-office.de\/#website\"},\"datePublished\":\"2011-05-18T16:39:25+00:00\",\"dateModified\":\"2024-07-11T07:45:16+00:00\",\"description\":\"Sie brauchen nichts weiter als ein Laptop oder PC. Den Rest erledige ich. Sie w\\u00e4hlen einfach einen Kurs und ich stelle diesen in K\\u00fcrze f\\u00fcr Sie \/ und ihre Firmenkolleginnen zur Verf\\u00fcgung. So einfach.\",\"inLanguage\":\"de\",\"potentialAction\":[{\"@type\":\"ReadAction\",\"target\":[\"http:\/\/www.mcse-office.de\/?page_id=79\"]}]}]}<\/script>\n<!-- \/ Yoast SEO plugin. -->","_links":{"self":[{"href":"http:\/\/www.mcse-office.de\/index.php?rest_route=\/wp\/v2\/pages\/79","targetHints":{"allow":["GET"]}}],"collection":[{"href":"http:\/\/www.mcse-office.de\/index.php?rest_route=\/wp\/v2\/pages"}],"about":[{"href":"http:\/\/www.mcse-office.de\/index.php?rest_route=\/wp\/v2\/types\/page"}],"author":[{"embeddable":true,"href":"http:\/\/www.mcse-office.de\/index.php?rest_route=\/wp\/v2\/users\/2"}],"replies":[{"embeddable":true,"href":"http:\/\/www.mcse-office.de\/index.php?rest_route=%2Fwp%2Fv2%2Fcomments&post=79"}],"version-history":[{"count":63,"href":"http:\/\/www.mcse-office.de\/index.php?rest_route=\/wp\/v2\/pages\/79\/revisions"}],"predecessor-version":[{"id":441,"href":"http:\/\/www.mcse-office.de\/index.php?rest_route=\/wp\/v2\/pages\/79\/revisions\/441"}],"wp:attachment":[{"href":"http:\/\/www.mcse-office.de\/index.php?rest_route=%2Fwp%2Fv2%2Fmedia&parent=79"}],"curies":[{"name":"wp","href":"https:\/\/api.w.org\/{rel}","templated":true}]}}